{"id":249,"date":"2025-01-15T21:28:36","date_gmt":"2025-01-15T20:28:36","guid":{"rendered":"https:\/\/dps.ledecns.cz\/?page_id=249"},"modified":"2025-01-20T16:06:57","modified_gmt":"2025-01-20T15:06:57","slug":"kontakt-2","status":"publish","type":"page","link":"https:\/\/dps.ledecns.cz\/?page_id=249","title":{"rendered":"Kontakt"},"content":{"rendered":"\t\t<div data-elementor-type=\"wp-page\" data-elementor-id=\"249\" class=\"elementor elementor-249\">\n\t\t\t\t<div class=\"elementor-element elementor-element-13768e9 e-flex e-con-boxed e-con e-parent\" data-id=\"13768e9\" data-element_type=\"container\" data-e-type=\"container\">\n\t\t\t\t\t<div class=\"e-con-inner\">\n\t\t\t\t<div class=\"elementor-element elementor-element-57ba561 elementor-widget elementor-widget-heading\" data-id=\"57ba561\" data-element_type=\"widget\" data-e-type=\"widget\" data-widget_type=\"heading.default\">\n\t\t\t\t<div class=\"elementor-widget-container\">\n\t\t\t\t\t<h2 class=\"elementor-heading-title elementor-size-default\">KONTAKT<\/h2>\t\t\t\t<\/div>\n\t\t\t\t<\/div>\n\t\t\t\t\t<\/div>\n\t\t\t\t<\/div>\n\t\t<div class=\"elementor-element elementor-element-63b8935 e-flex e-con-boxed e-con e-parent\" data-id=\"63b8935\" data-element_type=\"container\" data-e-type=\"container\" data-settings=\"{&quot;background_background&quot;:&quot;classic&quot;}\">\n\t\t\t\t\t<div class=\"e-con-inner\">\n\t\t<div class=\"elementor-element elementor-element-1809fa5 e-con-full animated-fast e-flex elementor-invisible e-con e-child\" data-id=\"1809fa5\" data-element_type=\"container\" data-e-type=\"container\" data-settings=\"{&quot;animation&quot;:&quot;fadeInUp&quot;}\">\n\t\t\t\t<div class=\"elementor-element elementor-element-f071828 elementor-widget elementor-widget-text-editor\" data-id=\"f071828\" data-element_type=\"widget\" data-e-type=\"widget\" data-widget_type=\"text-editor.default\">\n\t\t\t\t<div class=\"elementor-widget-container\">\n\t\t\t\t\t\t\t\t\t<p><b>Pe\u010dovatelsk\u00e1 slu\u017eba<\/b><b><br \/><\/b><b>5.kv\u011btna 473<\/b><b><br \/><\/b><b>Lede\u010d nad S\u00e1zavou<\/b><b><br \/><\/b><b>584 01<\/b><\/p><p><b>Telefon: \u00a0569 726 631<\/b><\/p><p>\u00a0<\/p>\t\t\t\t\t\t\t\t<\/div>\n\t\t\t\t<\/div>\n\t\t\t\t<div class=\"elementor-element elementor-element-e441ecd elementor-widget elementor-widget-text-editor\" data-id=\"e441ecd\" data-element_type=\"widget\" data-e-type=\"widget\" data-widget_type=\"text-editor.default\">\n\t\t\t\t<div class=\"elementor-widget-container\">\n\t\t\t\t\t\t\t\t\t<p><b><i>Vedouc\u00ed PS:<\/i><\/b><\/p><p><b>Mgr. Gabriela Bro\u017eov\u00e1, DiS.<\/b><\/p><p><b><\/b><b>731 156 923<\/b><b><br \/><\/b><a href=\"mailto:gabriela.brozova@ledecns.cz\"><b>gabriela.brozova@ledecns.cz<\/b><\/a><\/p>\t\t\t\t\t\t\t\t<\/div>\n\t\t\t\t<\/div>\n\t\t\t\t<div class=\"elementor-element elementor-element-8b83509 elementor-widget elementor-widget-text-editor\" data-id=\"8b83509\" data-element_type=\"widget\" data-e-type=\"widget\" data-widget_type=\"text-editor.default\">\n\t\t\t\t<div class=\"elementor-widget-container\">\n\t\t\t\t\t\t\t\t\t<p><b><i>Soci\u00e1ln\u00ed pracovn\u00edci:<\/i><\/b><\/p><p><b>mgr. Richard Holek, DiS.<\/b><\/p><p><b>730 803\u00a0436<\/b><b><br \/><\/b><a href=\"mailto:richard.holek@ledecns.cz\"><b>richard.holek@ledecns.cz<\/b><\/a><\/p><p><b>Bc. Eli\u0161ka St\u00fdblov\u00e1<\/b><\/p><p><b><\/b><b>730 803\u00a0436<\/b><b><br \/><\/b><a href=\"mailto:eliska.baresova@ledecns.cz\"><b>eliska.baresova@ledecns.cz<\/b><\/a><\/p>\t\t\t\t\t\t\t\t<\/div>\n\t\t\t\t<\/div>\n\t\t\t\t<\/div>\n\t\t<div class=\"elementor-element elementor-element-e891412 e-con-full e-flex elementor-invisible e-con e-child\" data-id=\"e891412\" data-element_type=\"container\" data-e-type=\"container\" data-settings=\"{&quot;animation&quot;:&quot;fadeInRight&quot;}\">\n\t\t\t\t<div class=\"elementor-element elementor-element-303dd29 elementor-widget elementor-widget-image\" data-id=\"303dd29\" data-element_type=\"widget\" data-e-type=\"widget\" data-widget_type=\"image.default\">\n\t\t\t\t<div class=\"elementor-widget-container\">\n\t\t\t\t\t\t\t\t\t\t\t\t\t\t\t\t<a href=\"https:\/\/www.ledecns.cz\/\">\n\t\t\t\t\t\t\t<img decoding=\"async\" width=\"163\" height=\"239\" src=\"https:\/\/dps.ledecns.cz\/wp-content\/uploads\/2025\/01\/znak.png\" class=\"attachment-large size-large wp-image-15\" alt=\"\" \/>\t\t\t\t\t\t\t\t<\/a>\n\t\t\t\t\t\t\t\t\t\t\t\t\t\t\t<\/div>\n\t\t\t\t<\/div>\n\t\t\t\t<div class=\"elementor-element elementor-element-f30db45 elementor-widget elementor-widget-image\" data-id=\"f30db45\" data-element_type=\"widget\" data-e-type=\"widget\" data-widget_type=\"image.default\">\n\t\t\t\t<div class=\"elementor-widget-container\">\n\t\t\t\t\t\t\t\t\t\t\t\t\t\t\t\t<a href=\"https:\/\/www.kr-vysocina.cz\/\">\n\t\t\t\t\t\t\t<img fetchpriority=\"high\" decoding=\"async\" width=\"396\" height=\"127\" src=\"https:\/\/dps.ledecns.cz\/wp-content\/uploads\/2025\/01\/images.png\" class=\"attachment-large size-large wp-image-73\" alt=\"\" srcset=\"https:\/\/dps.ledecns.cz\/wp-content\/uploads\/2025\/01\/images.png 396w, https:\/\/dps.ledecns.cz\/wp-content\/uploads\/2025\/01\/images-300x96.png 300w\" sizes=\"(max-width: 396px) 100vw, 396px\" \/>\t\t\t\t\t\t\t\t<\/a>\n\t\t\t\t\t\t\t\t\t\t\t\t\t\t\t<\/div>\n\t\t\t\t<\/div>\n\t\t\t\t<div class=\"elementor-element elementor-element-80d58fa elementor-widget elementor-widget-image\" data-id=\"80d58fa\" data-element_type=\"widget\" data-e-type=\"widget\" data-widget_type=\"image.default\">\n\t\t\t\t<div class=\"elementor-widget-container\">\n\t\t\t\t\t\t\t\t\t\t\t\t\t\t\t\t<a href=\"https:\/\/www.apsscr.cz\/\">\n\t\t\t\t\t\t\t<img decoding=\"async\" width=\"150\" height=\"150\" src=\"https:\/\/dps.ledecns.cz\/wp-content\/uploads\/2025\/01\/logo_apss2-2-150x150-1.jpg\" class=\"attachment-large size-large wp-image-34\" alt=\"\" \/>\t\t\t\t\t\t\t\t<\/a>\n\t\t\t\t\t\t\t\t\t\t\t\t\t\t\t<\/div>\n\t\t\t\t<\/div>\n\t\t\t\t<div class=\"elementor-element elementor-element-a1a4198 elementor-widget elementor-widget-image\" data-id=\"a1a4198\" data-element_type=\"widget\" data-e-type=\"widget\" data-widget_type=\"image.default\">\n\t\t\t\t<div class=\"elementor-widget-container\">\n\t\t\t\t\t\t\t\t\t\t\t\t\t\t\t\t<a href=\"https:\/\/www.mpsv.cz\">\n\t\t\t\t\t\t\t<img loading=\"lazy\" decoding=\"async\" width=\"146\" height=\"150\" src=\"https:\/\/dps.ledecns.cz\/wp-content\/uploads\/2025\/01\/logoMPSV-m-sm-146x150-2.png\" class=\"attachment-large size-large wp-image-72\" alt=\"\" \/>\t\t\t\t\t\t\t\t<\/a>\n\t\t\t\t\t\t\t\t\t\t\t\t\t\t\t<\/div>\n\t\t\t\t<\/div>\n\t\t\t\t<\/div>\n\t\t\t\t\t<\/div>\n\t\t\t\t<\/div>\n\t\t\t\t<\/div>\n\t\t","protected":false},"excerpt":{"rendered":"<p>KONTAKT Pe\u010dovatelsk\u00e1 slu\u017eba5.kv\u011btna 473Lede\u010d nad S\u00e1zavou584 01 Telefon: \u00a0569 726 631 \u00a0 Vedouc\u00ed PS: Mgr. Gabriela Bro\u017eov\u00e1, DiS. 731 156 923gabriela.brozova@ledecns.cz Soci\u00e1ln\u00ed pracovn\u00edci: mgr. Richard Holek, DiS. 730 803\u00a0436richard.holek@ledecns.cz Bc. Eli\u0161ka St\u00fdblov\u00e1 730 803\u00a0436eliska.baresova@ledecns.cz<\/p>\n","protected":false},"author":2,"featured_media":0,"parent":0,"menu_order":0,"comment_status":"closed","ping_status":"closed","template":"","meta":{"_kad_post_transparent":"","_kad_post_title":"hide","_kad_post_layout":"fullwidth","_kad_post_sidebar_id":"","_kad_post_content_style":"unboxed","_kad_post_vertical_padding":"hide","_kad_post_feature":"hide","_kad_post_feature_position":"","_kad_post_header":false,"_kad_post_footer":false,"footnotes":""},"class_list":["post-249","page","type-page","status-publish","hentry"],"_links":{"self":[{"href":"https:\/\/dps.ledecns.cz\/index.php?rest_route=\/wp\/v2\/pages\/249","targetHints":{"allow":["GET"]}}],"collection":[{"href":"https:\/\/dps.ledecns.cz\/index.php?rest_route=\/wp\/v2\/pages"}],"about":[{"href":"https:\/\/dps.ledecns.cz\/index.php?rest_route=\/wp\/v2\/types\/page"}],"author":[{"embeddable":true,"href":"https:\/\/dps.ledecns.cz\/index.php?rest_route=\/wp\/v2\/users\/2"}],"replies":[{"embeddable":true,"href":"https:\/\/dps.ledecns.cz\/index.php?rest_route=%2Fwp%2Fv2%2Fcomments&post=249"}],"version-history":[{"count":19,"href":"https:\/\/dps.ledecns.cz\/index.php?rest_route=\/wp\/v2\/pages\/249\/revisions"}],"predecessor-version":[{"id":346,"href":"https:\/\/dps.ledecns.cz\/index.php?rest_route=\/wp\/v2\/pages\/249\/revisions\/346"}],"wp:attachment":[{"href":"https:\/\/dps.ledecns.cz\/index.php?rest_route=%2Fwp%2Fv2%2Fmedia&parent=249"}],"curies":[{"name":"wp","href":"https:\/\/api.w.org\/{rel}","templated":true}]}}