{"id":204,"date":"2025-01-15T20:35:00","date_gmt":"2025-01-15T19:35:00","guid":{"rendered":"https:\/\/dps.ledecns.cz\/?page_id=204"},"modified":"2025-01-20T16:06:16","modified_gmt":"2025-01-20T15:06:16","slug":"dum-s-pecovatelskou-sluzbou-2","status":"publish","type":"page","link":"https:\/\/dps.ledecns.cz\/?page_id=204","title":{"rendered":"D\u016fm s pe\u010dovatelskou slu\u017ebou"},"content":{"rendered":"\t\t<div data-elementor-type=\"wp-page\" data-elementor-id=\"204\" class=\"elementor elementor-204\">\n\t\t\t\t<div class=\"elementor-element elementor-element-2f61232 e-flex e-con-boxed e-con e-parent\" data-id=\"2f61232\" data-element_type=\"container\" data-e-type=\"container\">\n\t\t\t\t\t<div class=\"e-con-inner\">\n\t\t\t\t<div class=\"elementor-element elementor-element-349c98b elementor-widget elementor-widget-heading\" data-id=\"349c98b\" data-element_type=\"widget\" data-e-type=\"widget\" data-widget_type=\"heading.default\">\n\t\t\t\t<div class=\"elementor-widget-container\">\n\t\t\t\t\t<h2 class=\"elementor-heading-title elementor-size-default\">D\u016eM S PE\u010cOVATELSKOU SLU\u017dBOU<\/h2>\t\t\t\t<\/div>\n\t\t\t\t<\/div>\n\t\t\t\t\t<\/div>\n\t\t\t\t<\/div>\n\t\t<div class=\"elementor-element elementor-element-5b02f65 e-flex e-con-boxed e-con e-parent\" data-id=\"5b02f65\" data-element_type=\"container\" data-e-type=\"container\" data-settings=\"{&quot;background_background&quot;:&quot;classic&quot;}\">\n\t\t\t\t\t<div class=\"e-con-inner\">\n\t\t<div class=\"elementor-element elementor-element-25060fc e-con-full e-flex elementor-invisible e-con e-child\" data-id=\"25060fc\" data-element_type=\"container\" data-e-type=\"container\" data-settings=\"{&quot;animation&quot;:&quot;rotateInDownLeft&quot;}\">\n\t\t\t\t<div class=\"elementor-element elementor-element-a624664 elementor-widget elementor-widget-text-editor\" data-id=\"a624664\" data-element_type=\"widget\" data-e-type=\"widget\" data-widget_type=\"text-editor.default\">\n\t\t\t\t<div class=\"elementor-widget-container\">\n\t\t\t\t\t\t\t\t\t<p><span style=\"font-weight: 400;\">Pe\u010dovatelsk\u00e1 slu\u017eba v Led\u010di nad S\u00e1zavou vznikla v roce 1975 a pe\u010dovatelky pracovaly pouze v ter\u00e9nu. V roce 1989 byl otev\u0159en prvn\u00ed D\u016fm s pe\u010dovatelskou slu\u017ebou v Led\u010di, ve kter\u00e9m bylo 24 bytov\u00fdch jednotek. Pozd\u011bji byla p\u0159istav\u011bna druh\u00e1 budova s 10 jednopokojov\u00fdmi a 9 dvoupokojov\u00fdmi byty. T\u0159et\u00ed budova pe\u010dovatelsk\u00e9 slu\u017eby m\u00e1 22 jednopokojov\u00fdch byt\u016f a 3 dvoupokojov\u00e9. Ve v\u0161ech budov\u00e1ch jsou v p\u0159\u00edzem\u00ed byty bezbari\u00e9rov\u00e9. Byty zaji\u0161\u0165uj\u00ed jejich obyvatel\u016fm pln\u00e9 soukrom\u00ed.<\/span><\/p><p><span style=\"font-weight: 400;\">Obyvatel\u00e9 DPS maj\u00ed k dispozici spole\u010dn\u00e9 prostory klubovny a venkovn\u00ed prostory s alt\u00e1nem a cvi\u010debn\u00edmi prvky.<\/span><b>\u00a0Pe\u010dovatelky za klienty doch\u00e1z\u00ed do jejich byt\u016f a zaji\u0161\u0165uj\u00ed dop\u0159edu objednan\u00e9 slu\u017eby za \u00fahradu za proveden\u00fd \u00fakon dle cen\u00edku slu\u017eeb.<\/b><span style=\"font-weight: 400;\">\u00a0T\u00edmto se pe\u010dovatelsk\u00e1 slu\u017eba z\u00e1sadn\u011b li\u0161\u00ed od slu\u017eeb pobytov\u00fdch jako je nap\u0159. Domov pro seniory, kde maj\u00ed u\u017eivatel\u00e9 p\u00e9\u010di zaji\u0161t\u011bnou po cel\u00fd den a noc, zahrnutou v cen\u011b pobytu.<\/span><\/p>\t\t\t\t\t\t\t\t<\/div>\n\t\t\t\t<\/div>\n\t\t\t\t<\/div>\n\t\t<div class=\"elementor-element elementor-element-255e90b e-con-full e-flex elementor-invisible e-con e-child\" data-id=\"255e90b\" data-element_type=\"container\" data-e-type=\"container\" data-settings=\"{&quot;animation&quot;:&quot;fadeInRight&quot;}\">\n\t\t\t\t<div class=\"elementor-element elementor-element-2366638 elementor-widget elementor-widget-image\" data-id=\"2366638\" data-element_type=\"widget\" data-e-type=\"widget\" data-widget_type=\"image.default\">\n\t\t\t\t<div class=\"elementor-widget-container\">\n\t\t\t\t\t\t\t\t\t\t\t\t\t\t\t\t<a href=\"https:\/\/www.ledecns.cz\/\">\n\t\t\t\t\t\t\t<img decoding=\"async\" width=\"163\" height=\"239\" src=\"https:\/\/dps.ledecns.cz\/wp-content\/uploads\/2025\/01\/znak.png\" class=\"attachment-large size-large wp-image-15\" alt=\"\" \/>\t\t\t\t\t\t\t\t<\/a>\n\t\t\t\t\t\t\t\t\t\t\t\t\t\t\t<\/div>\n\t\t\t\t<\/div>\n\t\t\t\t<div class=\"elementor-element elementor-element-b6add65 elementor-widget elementor-widget-image\" data-id=\"b6add65\" data-element_type=\"widget\" data-e-type=\"widget\" data-widget_type=\"image.default\">\n\t\t\t\t<div class=\"elementor-widget-container\">\n\t\t\t\t\t\t\t\t\t\t\t\t\t\t\t\t<a href=\"https:\/\/www.kr-vysocina.cz\/\">\n\t\t\t\t\t\t\t<img fetchpriority=\"high\" decoding=\"async\" width=\"396\" height=\"127\" src=\"https:\/\/dps.ledecns.cz\/wp-content\/uploads\/2025\/01\/images.png\" class=\"attachment-large size-large wp-image-73\" alt=\"\" srcset=\"https:\/\/dps.ledecns.cz\/wp-content\/uploads\/2025\/01\/images.png 396w, https:\/\/dps.ledecns.cz\/wp-content\/uploads\/2025\/01\/images-300x96.png 300w\" sizes=\"(max-width: 396px) 100vw, 396px\" \/>\t\t\t\t\t\t\t\t<\/a>\n\t\t\t\t\t\t\t\t\t\t\t\t\t\t\t<\/div>\n\t\t\t\t<\/div>\n\t\t\t\t<div class=\"elementor-element elementor-element-b752e30 elementor-widget elementor-widget-image\" data-id=\"b752e30\" data-element_type=\"widget\" data-e-type=\"widget\" data-widget_type=\"image.default\">\n\t\t\t\t<div class=\"elementor-widget-container\">\n\t\t\t\t\t\t\t\t\t\t\t\t\t\t\t\t<a href=\"https:\/\/www.apsscr.cz\/\">\n\t\t\t\t\t\t\t<img decoding=\"async\" width=\"150\" height=\"150\" src=\"https:\/\/dps.ledecns.cz\/wp-content\/uploads\/2025\/01\/logo_apss2-2-150x150-1.jpg\" class=\"attachment-large size-large wp-image-34\" alt=\"\" \/>\t\t\t\t\t\t\t\t<\/a>\n\t\t\t\t\t\t\t\t\t\t\t\t\t\t\t<\/div>\n\t\t\t\t<\/div>\n\t\t\t\t<div class=\"elementor-element elementor-element-025442e elementor-widget elementor-widget-image\" data-id=\"025442e\" data-element_type=\"widget\" data-e-type=\"widget\" data-widget_type=\"image.default\">\n\t\t\t\t<div class=\"elementor-widget-container\">\n\t\t\t\t\t\t\t\t\t\t\t\t\t\t\t\t<a href=\"https:\/\/www.mpsv.cz\">\n\t\t\t\t\t\t\t<img loading=\"lazy\" decoding=\"async\" width=\"146\" height=\"150\" src=\"https:\/\/dps.ledecns.cz\/wp-content\/uploads\/2025\/01\/logoMPSV-m-sm-146x150-2.png\" class=\"attachment-large size-large wp-image-72\" alt=\"\" \/>\t\t\t\t\t\t\t\t<\/a>\n\t\t\t\t\t\t\t\t\t\t\t\t\t\t\t<\/div>\n\t\t\t\t<\/div>\n\t\t\t\t<\/div>\n\t\t\t\t\t<\/div>\n\t\t\t\t<\/div>\n\t\t\t\t<\/div>\n\t\t","protected":false},"excerpt":{"rendered":"<p>D\u016eM S PE\u010cOVATELSKOU SLU\u017dBOU Pe\u010dovatelsk\u00e1 slu\u017eba v Led\u010di nad S\u00e1zavou vznikla v roce 1975 a pe\u010dovatelky pracovaly pouze v ter\u00e9nu. V roce 1989 byl otev\u0159en prvn\u00ed D\u016fm s pe\u010dovatelskou slu\u017ebou v Led\u010di, ve kter\u00e9m bylo 24 bytov\u00fdch jednotek. Pozd\u011bji byla p\u0159istav\u011bna druh\u00e1 budova s 10 jednopokojov\u00fdmi a 9 dvoupokojov\u00fdmi byty. T\u0159et\u00ed budova pe\u010dovatelsk\u00e9 slu\u017eby m\u00e1&#8230;<\/p>\n","protected":false},"author":2,"featured_media":0,"parent":0,"menu_order":0,"comment_status":"closed","ping_status":"closed","template":"","meta":{"_kad_post_transparent":"","_kad_post_title":"hide","_kad_post_layout":"fullwidth","_kad_post_sidebar_id":"","_kad_post_content_style":"unboxed","_kad_post_vertical_padding":"hide","_kad_post_feature":"hide","_kad_post_feature_position":"","_kad_post_header":false,"_kad_post_footer":false,"footnotes":""},"class_list":["post-204","page","type-page","status-publish","hentry"],"_links":{"self":[{"href":"https:\/\/dps.ledecns.cz\/index.php?rest_route=\/wp\/v2\/pages\/204","targetHints":{"allow":["GET"]}}],"collection":[{"href":"https:\/\/dps.ledecns.cz\/index.php?rest_route=\/wp\/v2\/pages"}],"about":[{"href":"https:\/\/dps.ledecns.cz\/index.php?rest_route=\/wp\/v2\/types\/page"}],"author":[{"embeddable":true,"href":"https:\/\/dps.ledecns.cz\/index.php?rest_route=\/wp\/v2\/users\/2"}],"replies":[{"embeddable":true,"href":"https:\/\/dps.ledecns.cz\/index.php?rest_route=%2Fwp%2Fv2%2Fcomments&post=204"}],"version-history":[{"count":22,"href":"https:\/\/dps.ledecns.cz\/index.php?rest_route=\/wp\/v2\/pages\/204\/revisions"}],"predecessor-version":[{"id":340,"href":"https:\/\/dps.ledecns.cz\/index.php?rest_route=\/wp\/v2\/pages\/204\/revisions\/340"}],"wp:attachment":[{"href":"https:\/\/dps.ledecns.cz\/index.php?rest_route=%2Fwp%2Fv2%2Fmedia&parent=204"}],"curies":[{"name":"wp","href":"https:\/\/api.w.org\/{rel}","templated":true}]}}