{"id":195,"date":"2025-01-15T20:30:01","date_gmt":"2025-01-15T19:30:01","guid":{"rendered":"https:\/\/dps.ledecns.cz\/?page_id=195"},"modified":"2026-03-18T14:48:10","modified_gmt":"2026-03-18T13:48:10","slug":"sluzby-2","status":"publish","type":"page","link":"https:\/\/dps.ledecns.cz\/?page_id=195","title":{"rendered":"Slu\u017eby"},"content":{"rendered":"\t\t<div data-elementor-type=\"wp-page\" data-elementor-id=\"195\" class=\"elementor elementor-195\">\n\t\t\t\t<div class=\"elementor-element elementor-element-6b3dc55 e-flex e-con-boxed e-con e-parent\" data-id=\"6b3dc55\" data-element_type=\"container\" data-e-type=\"container\">\n\t\t\t\t\t<div class=\"e-con-inner\">\n\t\t\t\t<div class=\"elementor-element elementor-element-98ab5c3 elementor-widget elementor-widget-heading\" data-id=\"98ab5c3\" data-element_type=\"widget\" data-e-type=\"widget\" data-widget_type=\"heading.default\">\n\t\t\t\t<div class=\"elementor-widget-container\">\n\t\t\t\t\t<h2 class=\"elementor-heading-title elementor-size-default\">SLU\u017dBY<\/h2>\t\t\t\t<\/div>\n\t\t\t\t<\/div>\n\t\t\t\t\t<\/div>\n\t\t\t\t<\/div>\n\t\t<div class=\"elementor-element elementor-element-e54526b e-flex e-con-boxed e-con e-parent\" data-id=\"e54526b\" data-element_type=\"container\" data-e-type=\"container\" data-settings=\"{&quot;background_background&quot;:&quot;classic&quot;}\">\n\t\t\t\t\t<div class=\"e-con-inner\">\n\t\t<div class=\"elementor-element elementor-element-7c36656 e-con-full e-flex elementor-invisible e-con e-child\" data-id=\"7c36656\" data-element_type=\"container\" data-e-type=\"container\" data-settings=\"{&quot;animation&quot;:&quot;fadeInDown&quot;}\">\n\t\t\t\t<div class=\"elementor-element elementor-element-09dc27e elementor-widget elementor-widget-text-editor\" data-id=\"09dc27e\" data-element_type=\"widget\" data-e-type=\"widget\" data-widget_type=\"text-editor.default\">\n\t\t\t\t<div class=\"elementor-widget-container\">\n\t\t\t\t\t\t\t\t\t<p><span style=\"font-weight: 400;\">Z\u00e1kladn\u00ed \u010dinnosti p\u0159i poskytov\u00e1n\u00ed pe\u010dovatelsk\u00e9 slu\u017eby (ve smyslu \u00a7 6 Vyhl\u00e1\u0161ky \u010d.&nbsp;505\/2006&nbsp;Sb., kterou se prov\u00e1d\u011bj\u00ed n\u011bkter\u00e1 ustanoven\u00ed Z\u00e1kona o soci\u00e1ln\u00edch slu\u017eb\u00e1ch, ve zn\u011bn\u00ed pozd\u011bj\u0161\u00edch p\u0159edpis\u016f) se zaji\u0161\u0165uj\u00ed v&nbsp;rozsahu t\u011bchto \u00fakon\u016f:<\/span><\/p>\n<p><b>a) pomoc p\u0159i zvl\u00e1d\u00e1n\u00ed b\u011b\u017en\u00fdch \u00fakon\u016f p\u00e9\u010de o vlastn\u00ed osobu:<\/b><\/p>\n<ul>\n<li style=\"font-weight: 400;\" aria-level=\"1\"><span style=\"font-weight: 400;\">pomoc a podpora p\u0159i pod\u00e1v\u00e1n\u00ed j\u00eddla a pit\u00ed<\/span><\/li>\n<li style=\"font-weight: 400;\" aria-level=\"1\"><span style=\"font-weight: 400;\">pomoc p\u0159i obl\u00e9k\u00e1n\u00ed a svl\u00e9k\u00e1n\u00ed v\u010detn\u011b speci\u00e1ln\u00edch pom\u016fcek<\/span><\/li>\n<li style=\"font-weight: 400;\" aria-level=\"1\"><span style=\"font-weight: 400;\">pomoc p\u0159i prostorov\u00e9 orientaci, samostatn\u00e9m pohybu ve vnit\u0159n\u00edm prostoru<\/span><\/li>\n<li style=\"font-weight: 400;\" aria-level=\"1\"><span style=\"font-weight: 400;\">pomoc p\u0159i p\u0159esunu na l\u016f\u017eko nebo voz\u00edk<\/span><\/li>\n<\/ul>\n<p><b>b) pomoc p\u0159i osobn\u00ed hygien\u011b nebo poskytnut\u00ed podm\u00ednek pro osobn\u00ed hygienu:<\/b><\/p>\n<ul>\n<li style=\"font-weight: 400;\" aria-level=\"1\"><span style=\"font-weight: 400;\">pomoc p\u0159i \u00fakonech osobn\u00ed hygieny<\/span><\/li>\n<li style=\"font-weight: 400;\" aria-level=\"1\"><span style=\"font-weight: 400;\">pomoc p\u0159i z\u00e1kladn\u00ed p\u00e9\u010di o vlasy a nehty<\/span><\/li>\n<li style=\"font-weight: 400;\" aria-level=\"1\"><span style=\"font-weight: 400;\">pomoc p\u0159i pou\u017eit\u00ed WC<\/span><\/li>\n<\/ul>\n<p><b style=\"font-family: var(--global-body-font-family);\">c) poskytnut\u00ed stravy nebo pomoc p\u0159i zaji\u0161t\u011bn\u00ed stravy:<\/b><\/p>\n<ul>\n<li style=\"font-weight: 400;\" aria-level=\"1\"><span style=\"font-weight: 400;\">zaji\u0161t\u011bn\u00ed stravy odpov\u00eddaj\u00edc\u00ed v\u011bku, z\u00e1sad\u00e1m racion\u00e1ln\u00ed v\u00fd\u017eivy a pot\u0159eb\u00e1m dietn\u00edho stravov\u00e1n\u00ed<\/span><\/li>\n<li style=\"font-weight: 400;\" aria-level=\"1\"><span style=\"font-weight: 400;\">dovoz nebo don\u00e1\u0161ka j\u00eddla<\/span><\/li>\n<li style=\"font-weight: 400;\" aria-level=\"1\"><span style=\"font-weight: 400;\">pomoc p\u0159i p\u0159\u00edprav\u011b j\u00eddla a pit\u00ed<\/span><\/li>\n<li style=\"font-weight: 400;\" aria-level=\"1\"><span style=\"font-weight: 400;\">p\u0159\u00edprava a pod\u00e1n\u00ed j\u00eddla a pit\u00ed<\/span><\/li>\n<\/ul>\n<p><b>d) pomoc p\u0159i zaji\u0161t\u011bn\u00ed chodu dom\u00e1cnosti:<\/b><\/p>\n<ul>\n<li style=\"font-weight: 400;\" aria-level=\"1\"><span style=\"font-weight: 400;\">b\u011b\u017en\u00fd \u00faklid a \u00fadr\u017eba dom\u00e1cnosti<\/span><\/li>\n<li style=\"font-weight: 400;\" aria-level=\"1\"><span style=\"font-weight: 400;\">pomoc p\u0159i zaji\u0161t\u011bn\u00ed velk\u00e9ho \u00faklidu dom\u00e1cnosti<\/span><\/li>\n<li style=\"font-weight: 400;\" aria-level=\"1\"><span style=\"font-weight: 400;\">don\u00e1\u0161ka vody<\/span><\/li>\n<li style=\"font-weight: 400;\" aria-level=\"1\"><span style=\"font-weight: 400;\">topen\u00ed v&nbsp;kamnech v\u010detn\u011b don\u00e1\u0161ky a p\u0159\u00edpravy topiva, \u00fadr\u017eba topn\u00fdch za\u0159\u00edzen\u00ed<\/span><\/li>\n<li style=\"font-weight: 400;\" aria-level=\"1\"><span style=\"font-weight: 400;\">b\u011b\u017en\u00e9 n\u00e1kupy a poch\u016fzky<\/span><\/li>\n<li style=\"font-weight: 400;\" aria-level=\"1\"><span style=\"font-weight: 400;\">velk\u00fd n\u00e1kup, nap\u0159\u00edklad t\u00fddenn\u00ed n\u00e1kup, n\u00e1kup o\u0161acen\u00ed a nezbytn\u00e9ho vybaven\u00ed dom\u00e1cnosti<\/span><\/li>\n<li style=\"font-weight: 400;\" aria-level=\"1\"><span style=\"font-weight: 400;\">pran\u00ed a \u017eehlen\u00ed pr\u00e1dla, pop\u0159\u00edpad\u011b jejich drobn\u00e9 opravy<\/span><\/li>\n<\/ul>\n<p><b>e) zprost\u0159edkov\u00e1n\u00ed kontaktu se spole\u010densk\u00fdm prost\u0159ed\u00edm:<\/b><\/p>\n<ul>\n<li style=\"font-weight: 400;\" aria-level=\"1\"><span style=\"font-weight: 400;\">doprov\u00e1zen\u00ed d\u011bt\u00ed&nbsp;<\/span><\/li>\n<li style=\"font-weight: 400;\" aria-level=\"1\"><span style=\"font-weight: 400;\">doprov\u00e1zen\u00ed dosp\u011bl\u00fdch&nbsp;<\/span><\/li>\n<\/ul>\n<p><strong>f) Pomoc p\u0159i uplat\u0148ov\u00e1n\u00ed pr\u00e1v, opr\u00e1vn\u011bn\u00fdch z\u00e1jm\u016f a p\u0159i obstar\u00e1v\u00e1n\u00ed osobn\u00edch z\u00e1le\u017eitost\u00ed<\/strong><\/p>\n<p><span style=\"font-weight: 400;\">&#8211; pomoc p\u0159i komunikaci vedouc\u00ed k uplat\u0148ov\u00e1n\u00ed pr\u00e1v a opr\u00e1vn\u011bn\u00fdch z\u00e1jm\u016f<\/span><\/p>\n<p><span style=\"font-weight: 400;\">&#8211; pomoc p\u0159i vy\u0159izov\u00e1n\u00ed b\u011b\u017en\u00fdch z\u00e1le\u017eitost\u00ed<\/span><\/p>\n<p><strong>g) Pomoc p\u0159i zaji\u0161t\u011bn\u00ed bezpe\u010d\u00ed a mo\u017enosti setrv\u00e1n\u00ed v p\u0159irozen\u00e9m soci\u00e1ln\u00edm prost\u0159ed\u00ed: dohled, aby osoba z\u00e1visl\u00e1 na pomoci nezp\u016fsobila ohro\u017een\u00ed sob\u011b ani sv\u00e9mu okol\u00ed.<\/strong><\/p>\n<p><span style=\"font-weight: 400;\">&#8211; pomoc p\u0159i zaji\u0161t\u011bn\u00ed bezpe\u010d\u00ed v dom\u00e1cnosti (dohled osoby)<\/span><\/p>\n<p><b>Stravu&nbsp;<\/b><span style=\"font-weight: 400;\">&nbsp;<\/span><b>zaji\u0161\u0165ujeme<\/b><span style=\"font-weight: 400;\">&nbsp;<\/span><i><span style=\"font-weight: 400;\">&nbsp;z&nbsp;Vyso\u010dinsk\u00fdch nemocnice&nbsp; s.r.o.<\/span><\/i><span style=\"font-weight: 400;\">, v\u00fdb\u011br stravy je ze t\u0159\u00ed j\u00eddel + pol\u00e9vka<\/span><\/p>\n<p><span style=\"font-weight: 400;\">Cena ob\u011bda je 120<\/span><b>,- K\u010d<\/b><span style=\"font-weight: 400;\">&nbsp;\u2013 Zemko Ko\u017el\u00ed a. s.<\/span><\/p>\n<p><span style=\"font-weight: 400;\">Cena&nbsp; don\u00e1\u0161ky je <\/span><b>35,- K\u010d<\/b><\/p>\t\t\t\t\t\t\t\t<\/div>\n\t\t\t\t<\/div>\n\t\t\t\t<\/div>\n\t\t<div class=\"elementor-element elementor-element-b792505 e-con-full e-flex elementor-invisible e-con e-child\" data-id=\"b792505\" data-element_type=\"container\" data-e-type=\"container\" data-settings=\"{&quot;animation&quot;:&quot;fadeInRight&quot;}\">\n\t\t\t\t<div class=\"elementor-element elementor-element-1aee4fa elementor-widget elementor-widget-image\" data-id=\"1aee4fa\" data-element_type=\"widget\" data-e-type=\"widget\" data-widget_type=\"image.default\">\n\t\t\t\t<div class=\"elementor-widget-container\">\n\t\t\t\t\t\t\t\t\t\t\t\t\t\t\t\t<a href=\"https:\/\/www.ledecns.cz\/\">\n\t\t\t\t\t\t\t<img decoding=\"async\" width=\"163\" height=\"239\" src=\"https:\/\/dps.ledecns.cz\/wp-content\/uploads\/2025\/01\/znak.png\" class=\"attachment-large size-large wp-image-15\" alt=\"\" \/>\t\t\t\t\t\t\t\t<\/a>\n\t\t\t\t\t\t\t\t\t\t\t\t\t\t\t<\/div>\n\t\t\t\t<\/div>\n\t\t\t\t<div class=\"elementor-element elementor-element-ac3488a elementor-widget elementor-widget-image\" data-id=\"ac3488a\" data-element_type=\"widget\" data-e-type=\"widget\" data-widget_type=\"image.default\">\n\t\t\t\t<div class=\"elementor-widget-container\">\n\t\t\t\t\t\t\t\t\t\t\t\t\t\t\t\t<a href=\"https:\/\/www.kr-vysocina.cz\/\">\n\t\t\t\t\t\t\t<img fetchpriority=\"high\" decoding=\"async\" width=\"396\" height=\"127\" src=\"https:\/\/dps.ledecns.cz\/wp-content\/uploads\/2025\/01\/images.png\" class=\"attachment-large size-large wp-image-73\" alt=\"\" srcset=\"https:\/\/dps.ledecns.cz\/wp-content\/uploads\/2025\/01\/images.png 396w, https:\/\/dps.ledecns.cz\/wp-content\/uploads\/2025\/01\/images-300x96.png 300w\" sizes=\"(max-width: 396px) 100vw, 396px\" \/>\t\t\t\t\t\t\t\t<\/a>\n\t\t\t\t\t\t\t\t\t\t\t\t\t\t\t<\/div>\n\t\t\t\t<\/div>\n\t\t\t\t<div class=\"elementor-element elementor-element-ddec096 elementor-widget elementor-widget-image\" data-id=\"ddec096\" data-element_type=\"widget\" data-e-type=\"widget\" data-widget_type=\"image.default\">\n\t\t\t\t<div class=\"elementor-widget-container\">\n\t\t\t\t\t\t\t\t\t\t\t\t\t\t\t\t<a href=\"https:\/\/www.apsscr.cz\/\">\n\t\t\t\t\t\t\t<img decoding=\"async\" width=\"150\" height=\"150\" src=\"https:\/\/dps.ledecns.cz\/wp-content\/uploads\/2025\/01\/logo_apss2-2-150x150-1.jpg\" class=\"attachment-large size-large wp-image-34\" alt=\"\" \/>\t\t\t\t\t\t\t\t<\/a>\n\t\t\t\t\t\t\t\t\t\t\t\t\t\t\t<\/div>\n\t\t\t\t<\/div>\n\t\t\t\t<div class=\"elementor-element elementor-element-79a76f0 elementor-widget elementor-widget-image\" data-id=\"79a76f0\" data-element_type=\"widget\" data-e-type=\"widget\" data-widget_type=\"image.default\">\n\t\t\t\t<div class=\"elementor-widget-container\">\n\t\t\t\t\t\t\t\t\t\t\t\t\t\t\t\t<a href=\"https:\/\/www.mpsv.cz\">\n\t\t\t\t\t\t\t<img loading=\"lazy\" decoding=\"async\" width=\"146\" height=\"150\" src=\"https:\/\/dps.ledecns.cz\/wp-content\/uploads\/2025\/01\/logoMPSV-m-sm-146x150-2.png\" class=\"attachment-large size-large wp-image-72\" alt=\"\" \/>\t\t\t\t\t\t\t\t<\/a>\n\t\t\t\t\t\t\t\t\t\t\t\t\t\t\t<\/div>\n\t\t\t\t<\/div>\n\t\t\t\t<\/div>\n\t\t\t\t\t<\/div>\n\t\t\t\t<\/div>\n\t\t\t\t<\/div>\n\t\t","protected":false},"excerpt":{"rendered":"<p>SLU\u017dBY Z\u00e1kladn\u00ed \u010dinnosti p\u0159i poskytov\u00e1n\u00ed pe\u010dovatelsk\u00e9 slu\u017eby (ve smyslu \u00a7 6 Vyhl\u00e1\u0161ky \u010d.&nbsp;505\/2006&nbsp;Sb., kterou se prov\u00e1d\u011bj\u00ed n\u011bkter\u00e1 ustanoven\u00ed Z\u00e1kona o soci\u00e1ln\u00edch slu\u017eb\u00e1ch, ve zn\u011bn\u00ed pozd\u011bj\u0161\u00edch p\u0159edpis\u016f) se zaji\u0161\u0165uj\u00ed v&nbsp;rozsahu t\u011bchto \u00fakon\u016f: a) pomoc p\u0159i zvl\u00e1d\u00e1n\u00ed b\u011b\u017en\u00fdch \u00fakon\u016f p\u00e9\u010de o vlastn\u00ed osobu: pomoc a podpora p\u0159i pod\u00e1v\u00e1n\u00ed j\u00eddla a pit\u00ed pomoc p\u0159i obl\u00e9k\u00e1n\u00ed a svl\u00e9k\u00e1n\u00ed v\u010detn\u011b&#8230;<\/p>\n","protected":false},"author":2,"featured_media":0,"parent":0,"menu_order":0,"comment_status":"closed","ping_status":"closed","template":"","meta":{"_kad_post_transparent":"","_kad_post_title":"hide","_kad_post_layout":"fullwidth","_kad_post_sidebar_id":"","_kad_post_content_style":"unboxed","_kad_post_vertical_padding":"hide","_kad_post_feature":"hide","_kad_post_feature_position":"","_kad_post_header":false,"_kad_post_footer":false,"footnotes":""},"class_list":["post-195","page","type-page","status-publish","hentry"],"_links":{"self":[{"href":"https:\/\/dps.ledecns.cz\/index.php?rest_route=\/wp\/v2\/pages\/195","targetHints":{"allow":["GET"]}}],"collection":[{"href":"https:\/\/dps.ledecns.cz\/index.php?rest_route=\/wp\/v2\/pages"}],"about":[{"href":"https:\/\/dps.ledecns.cz\/index.php?rest_route=\/wp\/v2\/types\/page"}],"author":[{"embeddable":true,"href":"https:\/\/dps.ledecns.cz\/index.php?rest_route=\/wp\/v2\/users\/2"}],"replies":[{"embeddable":true,"href":"https:\/\/dps.ledecns.cz\/index.php?rest_route=%2Fwp%2Fv2%2Fcomments&post=195"}],"version-history":[{"count":28,"href":"https:\/\/dps.ledecns.cz\/index.php?rest_route=\/wp\/v2\/pages\/195\/revisions"}],"predecessor-version":[{"id":369,"href":"https:\/\/dps.ledecns.cz\/index.php?rest_route=\/wp\/v2\/pages\/195\/revisions\/369"}],"wp:attachment":[{"href":"https:\/\/dps.ledecns.cz\/index.php?rest_route=%2Fwp%2Fv2%2Fmedia&parent=195"}],"curies":[{"name":"wp","href":"https:\/\/api.w.org\/{rel}","templated":true}]}}