{"id":177,"date":"2025-01-15T12:59:12","date_gmt":"2025-01-15T11:59:12","guid":{"rendered":"https:\/\/dps.ledecns.cz\/?page_id=177"},"modified":"2025-01-20T16:05:15","modified_gmt":"2025-01-20T15:05:15","slug":"o-nas","status":"publish","type":"page","link":"https:\/\/dps.ledecns.cz\/?page_id=177","title":{"rendered":"O n\u00e1s"},"content":{"rendered":"\t\t<div data-elementor-type=\"wp-page\" data-elementor-id=\"177\" class=\"elementor elementor-177\">\n\t\t\t\t<div class=\"elementor-element elementor-element-df6fd59 e-flex e-con-boxed e-con e-parent\" data-id=\"df6fd59\" data-element_type=\"container\" data-e-type=\"container\">\n\t\t\t\t\t<div class=\"e-con-inner\">\n\t\t\t\t<div class=\"elementor-element elementor-element-323c943 elementor-widget elementor-widget-heading\" data-id=\"323c943\" data-element_type=\"widget\" data-e-type=\"widget\" data-widget_type=\"heading.default\">\n\t\t\t\t<div class=\"elementor-widget-container\">\n\t\t\t\t\t<h2 class=\"elementor-heading-title elementor-size-default\">O N\u00c1S<\/h2>\t\t\t\t<\/div>\n\t\t\t\t<\/div>\n\t\t\t\t\t<\/div>\n\t\t\t\t<\/div>\n\t\t<div class=\"elementor-element elementor-element-402c1d7 e-flex e-con-boxed e-con e-parent\" data-id=\"402c1d7\" data-element_type=\"container\" data-e-type=\"container\" data-settings=\"{&quot;background_background&quot;:&quot;classic&quot;}\">\n\t\t\t\t\t<div class=\"e-con-inner\">\n\t\t<div class=\"elementor-element elementor-element-2213637 e-con-full e-flex e-con e-child\" data-id=\"2213637\" data-element_type=\"container\" data-e-type=\"container\">\n\t\t\t\t<div class=\"elementor-element elementor-element-3b921ab elementor-invisible elementor-widget elementor-widget-text-editor\" data-id=\"3b921ab\" data-element_type=\"widget\" data-e-type=\"widget\" data-settings=\"{&quot;_animation&quot;:&quot;fadeInLeft&quot;}\" data-widget_type=\"text-editor.default\">\n\t\t\t\t<div class=\"elementor-widget-container\">\n\t\t\t\t\t\t\t\t\t<p><span style=\"font-weight: 400;\">Pe\u010dovatelsk\u00e1 slu\u017eba v Led\u010di nad S\u00e1zavou vznikla v roce 1975 a pe\u010dovatelky pracovaly pouze v ter\u00e9nu. V roce 1989 byl otev\u0159en prvn\u00ed D\u016fm s pe\u010dovatelskou slu\u017ebou v Led\u010di, ve kter\u00e9m bylo 24 bytov\u00fdch jednotek. Pozd\u011bji byla p\u0159istav\u011bna druh\u00e1 budova s 10 jednopokojov\u00fdmi a 9 dvoupokojov\u00fdmi byty. T\u0159et\u00ed budova pe\u010dovatelsk\u00e9 slu\u017eby m\u00e1 22 jednopokojov\u00fdch byt\u016f a 3 dvoupokojov\u00e9. Od ledna roku 2016 p\u0159evzala u\u017eivatele \u00a0a zam\u011bstnance Ter\u00e9nn\u00ed pe\u010dovatelsk\u00e9 slu\u017eby Lede\u010dsko, z.\u00fa. a roz\u0161\u00ed\u0159ila tak svou p\u016fsobnost do okoln\u00edch obc\u00ed.<\/span><\/p><p><span style=\"font-weight: 400;\">Pe\u010dovatelsk\u00e1 slu\u017eba je organiza\u010dn\u011b za\u0159azena do struktury M\u011bstsk\u00e9ho \u00fa\u0159adu Lede\u010d nad S\u00e1zavou. Pe\u010dovatelsk\u00e1 slu\u017eba Lede\u010d nad S\u00e1zavou s\u00eddl\u00ed na adrese 5. kv\u011btna 473, Lede\u010d nad S\u00e1zavou, kde jsou poskytov\u00e1ny ambulantn\u00ed slu\u017eby a kde je z\u00e1zem\u00ed pracovn\u00edk\u016f pe\u010dovatelsk\u00e9 slu\u017eby. Statut\u00e1rn\u00edm z\u00e1stupcem Pe\u010dovatelsk\u00e9 slu\u017eby Lede\u010d nad S\u00e1zavou je starosta m\u011bsta.<\/span><\/p><p><span style=\"font-weight: 400;\">Pe\u010dovatelsk\u00e1 slu\u017eba je poskytov\u00e1na v\u00a0pracovn\u00ed dny, tj.<\/span><b>\u00a0v\u00a0pond\u011bl\u00ed a\u017e p\u00e1tek od 6.30 do 20.00 hod. a v sobotu a ned\u011bli a o st\u00e1tn\u00edch sv\u00e1tc\u00edch od 7.00 do 12.00<\/b><span style=\"font-weight: 400;\">, dle pot\u0159eb u\u017eivatel\u016f. V\u00a0mimo\u0159\u00e1dn\u00fdch p\u0159\u00edpadech lze po domluv\u011b zajistit slu\u017ebu i mimo provozn\u00ed dobu pe\u010dovatelsk\u00e9 slu\u017eby.<\/span><\/p><p><span style=\"font-weight: 400;\">Pe\u010dovatelsk\u00e1 slu\u017eba je\u00a0<\/span><b>poskytov\u00e1na ve st\u0159edisku osobn\u00ed hygieny, v dom\u00e1cnostech u\u017eivatel\u016f a v\u00a0bytech zvl\u00e1\u0161tn\u00edho ur\u010den\u00ed.<\/b><\/p><p><span style=\"font-weight: 400;\">Asi ka\u017ed\u00fd \u010dlov\u011bk chce tr\u00e1vit sv\u00e9 st\u00e1\u0159\u00ed tam, kde se c\u00edt\u00ed nejl\u00e9pe \u2013 doma. P\u0159i v\u00fdb\u011bru slu\u017eeb tak preferuje slu\u017eby, kter\u00e9 jsou mu poskytnuty v dom\u00e1c\u00edm prost\u0159ed\u00ed. Proto zaji\u0161\u0165ujeme i\u00a0p\u00e9\u010di o osoby s vy\u0161\u0161\u00edm stupn\u011bm z\u00e1vislosti v sou\u010dinnosti s rodinou a ostatn\u00edmi druhy soci\u00e1ln\u00edch (nap\u0159. Denn\u00ed stacion\u00e1\u0159)\u00a0a zdravotn\u00edch slu\u017eeb (nap\u0159. Dom\u00e1c\u00ed p\u00e9\u010de).<\/span><\/p>\t\t\t\t\t\t\t\t<\/div>\n\t\t\t\t<\/div>\n\t\t\t\t<\/div>\n\t\t<div class=\"elementor-element elementor-element-5ad4067 e-con-full e-flex elementor-invisible e-con e-child\" data-id=\"5ad4067\" data-element_type=\"container\" data-e-type=\"container\" data-settings=\"{&quot;animation&quot;:&quot;fadeInRight&quot;}\">\n\t\t\t\t<div class=\"elementor-element elementor-element-e8584ba elementor-widget elementor-widget-image\" data-id=\"e8584ba\" data-element_type=\"widget\" data-e-type=\"widget\" data-widget_type=\"image.default\">\n\t\t\t\t<div class=\"elementor-widget-container\">\n\t\t\t\t\t\t\t\t\t\t\t\t\t\t\t\t<a href=\"https:\/\/www.ledecns.cz\/\">\n\t\t\t\t\t\t\t<img decoding=\"async\" width=\"163\" height=\"239\" src=\"https:\/\/dps.ledecns.cz\/wp-content\/uploads\/2025\/01\/znak.png\" class=\"attachment-large size-large wp-image-15\" alt=\"\" \/>\t\t\t\t\t\t\t\t<\/a>\n\t\t\t\t\t\t\t\t\t\t\t\t\t\t\t<\/div>\n\t\t\t\t<\/div>\n\t\t\t\t<div class=\"elementor-element elementor-element-57c93d0 elementor-widget elementor-widget-image\" data-id=\"57c93d0\" data-element_type=\"widget\" data-e-type=\"widget\" data-widget_type=\"image.default\">\n\t\t\t\t<div class=\"elementor-widget-container\">\n\t\t\t\t\t\t\t\t\t\t\t\t\t\t\t\t<a href=\"https:\/\/www.kr-vysocina.cz\/\">\n\t\t\t\t\t\t\t<img fetchpriority=\"high\" decoding=\"async\" width=\"396\" height=\"127\" src=\"https:\/\/dps.ledecns.cz\/wp-content\/uploads\/2025\/01\/images.png\" class=\"attachment-large size-large wp-image-73\" alt=\"\" srcset=\"https:\/\/dps.ledecns.cz\/wp-content\/uploads\/2025\/01\/images.png 396w, https:\/\/dps.ledecns.cz\/wp-content\/uploads\/2025\/01\/images-300x96.png 300w\" sizes=\"(max-width: 396px) 100vw, 396px\" \/>\t\t\t\t\t\t\t\t<\/a>\n\t\t\t\t\t\t\t\t\t\t\t\t\t\t\t<\/div>\n\t\t\t\t<\/div>\n\t\t\t\t<div class=\"elementor-element elementor-element-681b3c5 elementor-widget elementor-widget-image\" data-id=\"681b3c5\" data-element_type=\"widget\" data-e-type=\"widget\" data-widget_type=\"image.default\">\n\t\t\t\t<div class=\"elementor-widget-container\">\n\t\t\t\t\t\t\t\t\t\t\t\t\t\t\t\t<a href=\"https:\/\/www.apsscr.cz\/\">\n\t\t\t\t\t\t\t<img decoding=\"async\" width=\"150\" height=\"150\" src=\"https:\/\/dps.ledecns.cz\/wp-content\/uploads\/2025\/01\/logo_apss2-2-150x150-1.jpg\" class=\"attachment-large size-large wp-image-34\" alt=\"\" \/>\t\t\t\t\t\t\t\t<\/a>\n\t\t\t\t\t\t\t\t\t\t\t\t\t\t\t<\/div>\n\t\t\t\t<\/div>\n\t\t\t\t<div class=\"elementor-element elementor-element-0cb4800 elementor-widget elementor-widget-image\" data-id=\"0cb4800\" data-element_type=\"widget\" data-e-type=\"widget\" data-widget_type=\"image.default\">\n\t\t\t\t<div class=\"elementor-widget-container\">\n\t\t\t\t\t\t\t\t\t\t\t\t\t\t\t\t<a href=\"https:\/\/www.mpsv.cz\">\n\t\t\t\t\t\t\t<img loading=\"lazy\" decoding=\"async\" width=\"146\" height=\"150\" src=\"https:\/\/dps.ledecns.cz\/wp-content\/uploads\/2025\/01\/logoMPSV-m-sm-146x150-2.png\" class=\"attachment-large size-large wp-image-72\" alt=\"\" \/>\t\t\t\t\t\t\t\t<\/a>\n\t\t\t\t\t\t\t\t\t\t\t\t\t\t\t<\/div>\n\t\t\t\t<\/div>\n\t\t\t\t<\/div>\n\t\t\t\t\t<\/div>\n\t\t\t\t<\/div>\n\t\t<div class=\"elementor-element elementor-element-a1fa649 e-flex e-con-boxed e-con e-parent\" data-id=\"a1fa649\" data-element_type=\"container\" data-e-type=\"container\">\n\t\t\t\t\t<div class=\"e-con-inner\">\n\t\t\t\t<div class=\"elementor-element elementor-element-e993be2 elementor-widget elementor-widget-image\" data-id=\"e993be2\" data-element_type=\"widget\" data-e-type=\"widget\" data-widget_type=\"image.default\">\n\t\t\t\t<div class=\"elementor-widget-container\">\n\t\t\t\t\t\t\t\t\t\t\t\t\t\t\t\t<a href=\"https:\/\/www.ledecns.cz\/\">\n\t\t\t\t\t\t\t<img decoding=\"async\" width=\"163\" height=\"239\" src=\"https:\/\/dps.ledecns.cz\/wp-content\/uploads\/2025\/01\/znak.png\" class=\"attachment-large size-large wp-image-15\" alt=\"\" \/>\t\t\t\t\t\t\t\t<\/a>\n\t\t\t\t\t\t\t\t\t\t\t\t\t\t\t<\/div>\n\t\t\t\t<\/div>\n\t\t\t\t\t<\/div>\n\t\t\t\t<\/div>\n\t\t<div class=\"elementor-element elementor-element-86026a6 e-flex e-con-boxed e-con e-parent\" data-id=\"86026a6\" data-element_type=\"container\" data-e-type=\"container\">\n\t\t\t\t\t<div class=\"e-con-inner\">\n\t\t\t\t<div class=\"elementor-element elementor-element-7056ae9 elementor-widget elementor-widget-image\" data-id=\"7056ae9\" data-element_type=\"widget\" data-e-type=\"widget\" data-widget_type=\"image.default\">\n\t\t\t\t<div class=\"elementor-widget-container\">\n\t\t\t\t\t\t\t\t\t\t\t\t\t\t\t\t<a href=\"https:\/\/www.kr-vysocina.cz\/\">\n\t\t\t\t\t\t\t<img fetchpriority=\"high\" decoding=\"async\" width=\"396\" height=\"127\" src=\"https:\/\/dps.ledecns.cz\/wp-content\/uploads\/2025\/01\/images.png\" class=\"attachment-large size-large wp-image-73\" alt=\"\" srcset=\"https:\/\/dps.ledecns.cz\/wp-content\/uploads\/2025\/01\/images.png 396w, https:\/\/dps.ledecns.cz\/wp-content\/uploads\/2025\/01\/images-300x96.png 300w\" sizes=\"(max-width: 396px) 100vw, 396px\" \/>\t\t\t\t\t\t\t\t<\/a>\n\t\t\t\t\t\t\t\t\t\t\t\t\t\t\t<\/div>\n\t\t\t\t<\/div>\n\t\t\t\t\t<\/div>\n\t\t\t\t<\/div>\n\t\t<div class=\"elementor-element elementor-element-a5e710d e-flex e-con-boxed e-con e-parent\" data-id=\"a5e710d\" data-element_type=\"container\" data-e-type=\"container\">\n\t\t\t\t\t<div class=\"e-con-inner\">\n\t\t\t\t<div class=\"elementor-element elementor-element-fc59598 elementor-widget elementor-widget-image\" data-id=\"fc59598\" data-element_type=\"widget\" data-e-type=\"widget\" data-widget_type=\"image.default\">\n\t\t\t\t<div class=\"elementor-widget-container\">\n\t\t\t\t\t\t\t\t\t\t\t\t\t\t\t\t<a href=\"https:\/\/www.apsscr.cz\/\">\n\t\t\t\t\t\t\t<img decoding=\"async\" width=\"150\" height=\"150\" src=\"https:\/\/dps.ledecns.cz\/wp-content\/uploads\/2025\/01\/logo_apss2-2-150x150-1.jpg\" class=\"attachment-large size-large wp-image-34\" alt=\"\" \/>\t\t\t\t\t\t\t\t<\/a>\n\t\t\t\t\t\t\t\t\t\t\t\t\t\t\t<\/div>\n\t\t\t\t<\/div>\n\t\t\t\t\t<\/div>\n\t\t\t\t<\/div>\n\t\t<div class=\"elementor-element elementor-element-de92d17 e-flex e-con-boxed e-con e-parent\" data-id=\"de92d17\" data-element_type=\"container\" data-e-type=\"container\">\n\t\t\t\t\t<div class=\"e-con-inner\">\n\t\t\t\t<div class=\"elementor-element elementor-element-b91f7d4 elementor-widget elementor-widget-image\" data-id=\"b91f7d4\" data-element_type=\"widget\" data-e-type=\"widget\" data-widget_type=\"image.default\">\n\t\t\t\t<div class=\"elementor-widget-container\">\n\t\t\t\t\t\t\t\t\t\t\t\t\t\t\t\t<a href=\"https:\/\/www.mpsv.cz\">\n\t\t\t\t\t\t\t<img loading=\"lazy\" decoding=\"async\" width=\"146\" height=\"150\" src=\"https:\/\/dps.ledecns.cz\/wp-content\/uploads\/2025\/01\/logoMPSV-m-sm-146x150-2.png\" class=\"attachment-large size-large wp-image-72\" alt=\"\" \/>\t\t\t\t\t\t\t\t<\/a>\n\t\t\t\t\t\t\t\t\t\t\t\t\t\t\t<\/div>\n\t\t\t\t<\/div>\n\t\t\t\t\t<\/div>\n\t\t\t\t<\/div>\n\t\t\t\t<\/div>\n\t\t","protected":false},"excerpt":{"rendered":"<p>O N\u00c1S Pe\u010dovatelsk\u00e1 slu\u017eba v Led\u010di nad S\u00e1zavou vznikla v roce 1975 a pe\u010dovatelky pracovaly pouze v ter\u00e9nu. V roce 1989 byl otev\u0159en prvn\u00ed D\u016fm s pe\u010dovatelskou slu\u017ebou v Led\u010di, ve kter\u00e9m bylo 24 bytov\u00fdch jednotek. Pozd\u011bji byla p\u0159istav\u011bna druh\u00e1 budova s 10 jednopokojov\u00fdmi a 9 dvoupokojov\u00fdmi byty. T\u0159et\u00ed budova pe\u010dovatelsk\u00e9 slu\u017eby m\u00e1 22 jednopokojov\u00fdch&#8230;<\/p>\n","protected":false},"author":2,"featured_media":0,"parent":0,"menu_order":0,"comment_status":"closed","ping_status":"closed","template":"","meta":{"_kad_post_transparent":"","_kad_post_title":"hide","_kad_post_layout":"fullwidth","_kad_post_sidebar_id":"","_kad_post_content_style":"unboxed","_kad_post_vertical_padding":"hide","_kad_post_feature":"hide","_kad_post_feature_position":"","_kad_post_header":false,"_kad_post_footer":false,"footnotes":""},"class_list":["post-177","page","type-page","status-publish","hentry"],"_links":{"self":[{"href":"https:\/\/dps.ledecns.cz\/index.php?rest_route=\/wp\/v2\/pages\/177","targetHints":{"allow":["GET"]}}],"collection":[{"href":"https:\/\/dps.ledecns.cz\/index.php?rest_route=\/wp\/v2\/pages"}],"about":[{"href":"https:\/\/dps.ledecns.cz\/index.php?rest_route=\/wp\/v2\/types\/page"}],"author":[{"embeddable":true,"href":"https:\/\/dps.ledecns.cz\/index.php?rest_route=\/wp\/v2\/users\/2"}],"replies":[{"embeddable":true,"href":"https:\/\/dps.ledecns.cz\/index.php?rest_route=%2Fwp%2Fv2%2Fcomments&post=177"}],"version-history":[{"count":28,"href":"https:\/\/dps.ledecns.cz\/index.php?rest_route=\/wp\/v2\/pages\/177\/revisions"}],"predecessor-version":[{"id":334,"href":"https:\/\/dps.ledecns.cz\/index.php?rest_route=\/wp\/v2\/pages\/177\/revisions\/334"}],"wp:attachment":[{"href":"https:\/\/dps.ledecns.cz\/index.php?rest_route=%2Fwp%2Fv2%2Fmedia&parent=177"}],"curies":[{"name":"wp","href":"https:\/\/api.w.org\/{rel}","templated":true}]}}