{"id":168,"date":"2025-01-15T12:40:06","date_gmt":"2025-01-15T11:40:06","guid":{"rendered":"https:\/\/dps.ledecns.cz\/?page_id=168"},"modified":"2025-01-20T16:34:48","modified_gmt":"2025-01-20T15:34:48","slug":"uvod","status":"publish","type":"page","link":"https:\/\/dps.ledecns.cz\/","title":{"rendered":"\u00davod"},"content":{"rendered":"\t\t<div data-elementor-type=\"wp-page\" data-elementor-id=\"168\" class=\"elementor elementor-168\">\n\t\t\t\t<div class=\"elementor-element elementor-element-cb1a7ee e-flex e-con-boxed e-con e-parent\" data-id=\"cb1a7ee\" data-element_type=\"container\" data-e-type=\"container\" data-settings=\"{&quot;background_background&quot;:&quot;classic&quot;}\">\n\t\t\t\t\t<div class=\"e-con-inner\">\n\t\t<div class=\"elementor-element elementor-element-543793d e-con-full e-flex e-con e-child\" data-id=\"543793d\" data-element_type=\"container\" data-e-type=\"container\">\n\t\t\t\t<div class=\"elementor-element elementor-element-c050067 animated-fast elementor-invisible elementor-widget elementor-widget-text-editor\" data-id=\"c050067\" data-element_type=\"widget\" data-e-type=\"widget\" data-settings=\"{&quot;_animation&quot;:&quot;fadeInUp&quot;}\" data-widget_type=\"text-editor.default\">\n\t\t\t\t<div class=\"elementor-widget-container\">\n\t\t\t\t\t\t\t\t\t<p><b>Posl\u00e1n\u00edm<\/b><span style=\"font-weight: 400;\">\u00a0Pe\u010dovatelsk\u00e9 slu\u017eby Lede\u010d nad S\u00e1zavou je nab\u00eddnout podporu a pomoc lidem, jejich\u017e sob\u011bsta\u010dnost je sn\u00ed\u017eena z\u00a0d\u016fvodu v\u011bku, nebo zdravotn\u00edho posti\u017een\u00ed, a d\u00e1le rodin\u00e1m s\u00a0d\u011btmi, jejich\u017e situace vy\u017eaduje pomoc jin\u00e9 osoby.<\/span><\/p><p><span style=\"font-weight: 400;\">U\u017eivatel\u016fm poskytujeme takovou\u00a0<\/span><b>podporu, aby mohli z\u016fstat co nejd\u00e9le ve sv\u00e9m p\u0159irozen\u00e9m prost\u0159ed\u00ed<\/b><span style=\"font-weight: 400;\">, mohli vyu\u017e\u00edvat m\u00edstn\u00ed vztahov\u00e9 s\u00edt\u011b a zapojovat se do b\u011b\u017en\u00e9ho \u017eivota spole\u010dnosti. Poskytov\u00e1n\u00ed pomoci vych\u00e1z\u00ed z\u00a0individu\u00e1ln\u00edch pot\u0159eb u\u017eivatel\u016f a je zaji\u0161\u0165ov\u00e1na tak, aby byla v\u00a0co nejv\u011bt\u0161\u00ed mo\u017en\u00e9 m\u00ed\u0159e zachov\u00e1na jejich sob\u011bsta\u010dnost.<\/span><\/p><p><span style=\"font-weight: 400;\">Slu\u017eba je poskytov\u00e1na ve vymezen\u00e9m \u010dase\u00a0<\/span><b>v\u00a0dom\u00e1cnostech u\u017eivatel\u016f a v\u00a0bytech zvl\u00e1\u0161tn\u00edho ur\u010den\u00ed<\/b><span style=\"font-weight: 400;\">, a to ob\u010dan\u016fm m\u011bsta\u00a0<\/span><b>Lede\u010d nad S\u00e1zavou a sp\u00e1dov\u00fdch obc\u00ed a okoln\u00edch obc\u00ed ve vzd\u00e1lenosti do 10 km<\/b><span style=\"font-weight: 400;\">\u00a0od m\u011bsta Lede\u010d nad S\u00e1zavou a pouze na \u00fazem\u00ed Kraje Vyso\u010dina.<\/span><\/p><p><b>C\u00edlov\u00e1 skupina<\/b><\/p><p><span style=\"font-weight: 400;\">Osoby, kter\u00fdm\u00a0<\/span><b>m\u016f\u017ee b\u00fdt pe\u010dovatelsk\u00e1 slu\u017eba poskytnuta<\/b><span style=\"font-weight: 400;\">:<\/span><\/p><ul><li style=\"font-weight: 400;\" aria-level=\"1\"><span style=\"font-weight: 400;\">senio\u0159i<\/span><\/li><li style=\"font-weight: 400;\" aria-level=\"1\"><span style=\"font-weight: 400;\">osoby se zdravotn\u00edm posti\u017een\u00edm\u00a0<\/span><\/li><li style=\"font-weight: 400;\" aria-level=\"1\"><span style=\"font-weight: 400;\">rodiny s\u00a0d\u011btmi<\/span><\/li><\/ul><p><b>Poskytovan\u00e9 slu\u017eby:<\/b><\/p><ul><li style=\"font-weight: 400;\" aria-level=\"1\"><span style=\"font-weight: 400;\">Pomoc p\u0159i zvl\u00e1d\u00e1n\u00ed b\u011b\u017en\u00fdch \u00fakon\u016f p\u00e9\u010de o vlastn\u00ed osobu<\/span><\/li><li style=\"font-weight: 400;\" aria-level=\"1\"><span style=\"font-weight: 400;\">Pomoc p\u0159i osobn\u00ed hygien\u011b nebo poskytnut\u00ed podm\u00ednek pro osobn\u00ed hygienu<\/span><\/li><li style=\"font-weight: 400;\" aria-level=\"1\"><span style=\"font-weight: 400;\">Poskytnut\u00ed stravy nebo pomoc p\u0159i zaji\u0161t\u011bn\u00ed stravy<\/span><\/li><li style=\"font-weight: 400;\" aria-level=\"1\"><span style=\"font-weight: 400;\">Pomoc p\u0159i zaji\u0161t\u011bn\u00ed chodu dom\u00e1cnosti<\/span><\/li><li style=\"font-weight: 400;\" aria-level=\"1\"><span style=\"font-weight: 400;\">Zprost\u0159edkov\u00e1n\u00ed kontaktu se spole\u010densk\u00fdm prost\u0159ed\u00edm<\/span><\/li><li style=\"font-weight: 400;\" aria-level=\"1\"><span style=\"font-weight: 400;\">Pomoc p\u0159i uplat\u0148ov\u00e1n\u00ed pr\u00e1v, opr\u00e1vn\u011bn\u00fdch z\u00e1jm\u016f a p\u0159i obstar\u00e1v\u00e1n\u00ed osobn\u00edch z\u00e1le\u017eitost\u00ed<\/span><\/li><li style=\"font-weight: 400;\" aria-level=\"1\"><span style=\"font-weight: 400;\">Pomoc p\u0159i zaji\u0161t\u011bn\u00ed bezpe\u010d\u00ed a mo\u017enosti setrv\u00e1n\u00ed v p\u0159irozen\u00e9m soci\u00e1ln\u00edm prost\u0159ed\u00ed<\/span><\/li><\/ul>\t\t\t\t\t\t\t\t<\/div>\n\t\t\t\t<\/div>\n\t\t\t\t<\/div>\n\t\t<div class=\"elementor-element elementor-element-04d8733 e-con-full e-flex elementor-invisible e-con e-child\" data-id=\"04d8733\" data-element_type=\"container\" data-e-type=\"container\" data-settings=\"{&quot;animation&quot;:&quot;bounceInRight&quot;}\">\n\t\t\t\t<div class=\"elementor-element elementor-element-ad566ec elementor-widget elementor-widget-image\" data-id=\"ad566ec\" data-element_type=\"widget\" data-e-type=\"widget\" data-widget_type=\"image.default\">\n\t\t\t\t<div class=\"elementor-widget-container\">\n\t\t\t\t\t\t\t\t\t\t\t\t\t\t\t\t<a href=\"https:\/\/www.ledecns.cz\/\">\n\t\t\t\t\t\t\t<img decoding=\"async\" width=\"163\" height=\"239\" src=\"https:\/\/dps.ledecns.cz\/wp-content\/uploads\/2025\/01\/znak.png\" class=\"attachment-large size-large wp-image-15\" alt=\"\" \/>\t\t\t\t\t\t\t\t<\/a>\n\t\t\t\t\t\t\t\t\t\t\t\t\t\t\t<\/div>\n\t\t\t\t<\/div>\n\t\t\t\t<div class=\"elementor-element elementor-element-4cb3caf elementor-widget elementor-widget-image\" data-id=\"4cb3caf\" data-element_type=\"widget\" data-e-type=\"widget\" data-widget_type=\"image.default\">\n\t\t\t\t<div class=\"elementor-widget-container\">\n\t\t\t\t\t\t\t\t\t\t\t\t\t\t\t\t<a href=\"https:\/\/www.kr-vysocina.cz\/\">\n\t\t\t\t\t\t\t<img fetchpriority=\"high\" decoding=\"async\" width=\"396\" height=\"127\" src=\"https:\/\/dps.ledecns.cz\/wp-content\/uploads\/2025\/01\/images.png\" class=\"attachment-large size-large wp-image-73\" alt=\"\" srcset=\"https:\/\/dps.ledecns.cz\/wp-content\/uploads\/2025\/01\/images.png 396w, https:\/\/dps.ledecns.cz\/wp-content\/uploads\/2025\/01\/images-300x96.png 300w\" sizes=\"(max-width: 396px) 100vw, 396px\" \/>\t\t\t\t\t\t\t\t<\/a>\n\t\t\t\t\t\t\t\t\t\t\t\t\t\t\t<\/div>\n\t\t\t\t<\/div>\n\t\t\t\t<div class=\"elementor-element elementor-element-f90dce4 elementor-widget elementor-widget-image\" data-id=\"f90dce4\" data-element_type=\"widget\" data-e-type=\"widget\" data-widget_type=\"image.default\">\n\t\t\t\t<div class=\"elementor-widget-container\">\n\t\t\t\t\t\t\t\t\t\t\t\t\t\t\t\t<a href=\"https:\/\/www.apsscr.cz\/\">\n\t\t\t\t\t\t\t<img decoding=\"async\" width=\"150\" height=\"150\" src=\"https:\/\/dps.ledecns.cz\/wp-content\/uploads\/2025\/01\/logo_apss2-2-150x150-1.jpg\" class=\"attachment-large size-large wp-image-34\" alt=\"\" \/>\t\t\t\t\t\t\t\t<\/a>\n\t\t\t\t\t\t\t\t\t\t\t\t\t\t\t<\/div>\n\t\t\t\t<\/div>\n\t\t\t\t<div class=\"elementor-element elementor-element-e94c47f elementor-widget elementor-widget-image\" data-id=\"e94c47f\" data-element_type=\"widget\" data-e-type=\"widget\" data-widget_type=\"image.default\">\n\t\t\t\t<div class=\"elementor-widget-container\">\n\t\t\t\t\t\t\t\t\t\t\t\t\t\t\t\t<a href=\"https:\/\/www.mpsv.cz\">\n\t\t\t\t\t\t\t<img loading=\"lazy\" decoding=\"async\" width=\"146\" height=\"150\" src=\"https:\/\/dps.ledecns.cz\/wp-content\/uploads\/2025\/01\/logoMPSV-m-sm-146x150-2.png\" class=\"attachment-large size-large wp-image-72\" alt=\"\" \/>\t\t\t\t\t\t\t\t<\/a>\n\t\t\t\t\t\t\t\t\t\t\t\t\t\t\t<\/div>\n\t\t\t\t<\/div>\n\t\t\t\t<\/div>\n\t\t\t\t\t<\/div>\n\t\t\t\t<\/div>\n\t\t<div class=\"elementor-element elementor-element-f03e9ed elementor-hidden-tablet elementor-hidden-mobile e-flex e-con-boxed e-con e-parent\" data-id=\"f03e9ed\" data-element_type=\"container\" data-e-type=\"container\" data-settings=\"{&quot;background_background&quot;:&quot;classic&quot;}\">\n\t\t\t\t\t<div class=\"e-con-inner\">\n\t\t\t\t<div class=\"elementor-element elementor-element-794bcf4 elementor-widget elementor-widget-heading\" data-id=\"794bcf4\" data-element_type=\"widget\" data-e-type=\"widget\" data-widget_type=\"heading.default\">\n\t\t\t\t<div class=\"elementor-widget-container\">\n\t\t\t\t\t<h2 class=\"elementor-heading-title elementor-size-default\">5. kv\u011btna 473, 584 01 Lede\u010d nad S\u00e1zavou<\/h2>\t\t\t\t<\/div>\n\t\t\t\t<\/div>\n\t\t\t\t<div class=\"elementor-element elementor-element-86e5cc8 elementor-widget elementor-widget-google_maps\" data-id=\"86e5cc8\" data-element_type=\"widget\" data-e-type=\"widget\" data-widget_type=\"google_maps.default\">\n\t\t\t\t<div class=\"elementor-widget-container\">\n\t\t\t\t\t\t\t<div class=\"elementor-custom-embed\">\n\t\t\t<iframe loading=\"lazy\"\n\t\t\t\t\tsrc=\"https:\/\/maps.google.com\/maps?q=5.%20kv%C4%9Btna%20473%2C%20584%2001%20Lede%C4%8D%20nad%20S%C3%A1zavou&#038;t=m&#038;z=13&#038;output=embed&#038;iwloc=near\"\n\t\t\t\t\ttitle=\"5. kv\u011btna 473, 584 01 Lede\u010d nad S\u00e1zavou\"\n\t\t\t\t\taria-label=\"5. kv\u011btna 473, 584 01 Lede\u010d nad S\u00e1zavou\"\n\t\t\t><\/iframe>\n\t\t<\/div>\n\t\t\t\t\t\t<\/div>\n\t\t\t\t<\/div>\n\t\t\t\t\t<\/div>\n\t\t\t\t<\/div>\n\t\t<div class=\"elementor-element elementor-element-17cdad2 elementor-hidden-desktop e-flex e-con-boxed e-con e-parent\" data-id=\"17cdad2\" data-element_type=\"container\" data-e-type=\"container\">\n\t\t\t\t\t<div class=\"e-con-inner\">\n\t\t\t\t<div class=\"elementor-element elementor-element-0aaf2d3 elementor-widget elementor-widget-heading\" data-id=\"0aaf2d3\" data-element_type=\"widget\" data-e-type=\"widget\" data-widget_type=\"heading.default\">\n\t\t\t\t<div class=\"elementor-widget-container\">\n\t\t\t\t\t<h2 class=\"elementor-heading-title elementor-size-default\">5. kv\u011btna 473, 584 01 Lede\u010d nad S\u00e1zavou<\/h2>\t\t\t\t<\/div>\n\t\t\t\t<\/div>\n\t\t\t\t<div class=\"elementor-element elementor-element-28ff408 elementor-widget elementor-widget-google_maps\" data-id=\"28ff408\" data-element_type=\"widget\" data-e-type=\"widget\" data-widget_type=\"google_maps.default\">\n\t\t\t\t<div class=\"elementor-widget-container\">\n\t\t\t\t\t\t\t<div class=\"elementor-custom-embed\">\n\t\t\t<iframe loading=\"lazy\"\n\t\t\t\t\tsrc=\"https:\/\/maps.google.com\/maps?q=5.%20kv%C4%9Btna%20473%2C%20584%2001%20Lede%C4%8D%20nad%20S%C3%A1zavou&#038;t=m&#038;z=13&#038;output=embed&#038;iwloc=near\"\n\t\t\t\t\ttitle=\"5. kv\u011btna 473, 584 01 Lede\u010d nad S\u00e1zavou\"\n\t\t\t\t\taria-label=\"5. kv\u011btna 473, 584 01 Lede\u010d nad S\u00e1zavou\"\n\t\t\t><\/iframe>\n\t\t<\/div>\n\t\t\t\t\t\t<\/div>\n\t\t\t\t<\/div>\n\t\t\t\t\t<\/div>\n\t\t\t\t<\/div>\n\t\t\t\t<\/div>\n\t\t","protected":false},"excerpt":{"rendered":"<p>Posl\u00e1n\u00edm\u00a0Pe\u010dovatelsk\u00e9 slu\u017eby Lede\u010d nad S\u00e1zavou je nab\u00eddnout podporu a pomoc lidem, jejich\u017e sob\u011bsta\u010dnost je sn\u00ed\u017eena z\u00a0d\u016fvodu v\u011bku, nebo zdravotn\u00edho posti\u017een\u00ed, a d\u00e1le rodin\u00e1m s\u00a0d\u011btmi, jejich\u017e situace vy\u017eaduje pomoc jin\u00e9 osoby. U\u017eivatel\u016fm poskytujeme takovou\u00a0podporu, aby mohli z\u016fstat co nejd\u00e9le ve sv\u00e9m p\u0159irozen\u00e9m prost\u0159ed\u00ed, mohli vyu\u017e\u00edvat m\u00edstn\u00ed vztahov\u00e9 s\u00edt\u011b a zapojovat se do b\u011b\u017en\u00e9ho \u017eivota spole\u010dnosti. Poskytov\u00e1n\u00ed&#8230;<\/p>\n","protected":false},"author":2,"featured_media":0,"parent":0,"menu_order":0,"comment_status":"closed","ping_status":"closed","template":"","meta":{"_kad_post_transparent":"","_kad_post_title":"hide","_kad_post_layout":"fullwidth","_kad_post_sidebar_id":"","_kad_post_content_style":"unboxed","_kad_post_vertical_padding":"hide","_kad_post_feature":"hide","_kad_post_feature_position":"","_kad_post_header":false,"_kad_post_footer":false,"footnotes":""},"class_list":["post-168","page","type-page","status-publish","hentry"],"_links":{"self":[{"href":"https:\/\/dps.ledecns.cz\/index.php?rest_route=\/wp\/v2\/pages\/168","targetHints":{"allow":["GET"]}}],"collection":[{"href":"https:\/\/dps.ledecns.cz\/index.php?rest_route=\/wp\/v2\/pages"}],"about":[{"href":"https:\/\/dps.ledecns.cz\/index.php?rest_route=\/wp\/v2\/types\/page"}],"author":[{"embeddable":true,"href":"https:\/\/dps.ledecns.cz\/index.php?rest_route=\/wp\/v2\/users\/2"}],"replies":[{"embeddable":true,"href":"https:\/\/dps.ledecns.cz\/index.php?rest_route=%2Fwp%2Fv2%2Fcomments&post=168"}],"version-history":[{"count":24,"href":"https:\/\/dps.ledecns.cz\/index.php?rest_route=\/wp\/v2\/pages\/168\/revisions"}],"predecessor-version":[{"id":356,"href":"https:\/\/dps.ledecns.cz\/index.php?rest_route=\/wp\/v2\/pages\/168\/revisions\/356"}],"wp:attachment":[{"href":"https:\/\/dps.ledecns.cz\/index.php?rest_route=%2Fwp%2Fv2%2Fmedia&parent=168"}],"curies":[{"name":"wp","href":"https:\/\/api.w.org\/{rel}","templated":true}]}}